{"id":2,"date":"2026-03-15T13:07:59","date_gmt":"2026-03-15T13:07:59","guid":{"rendered":"https:\/\/robinbet.ink\/?page_id=2"},"modified":"2026-03-17T14:17:16","modified_gmt":"2026-03-17T14:17:16","slug":"sample-page","status":"publish","type":"page","link":"https:\/\/robinbet.ink\/","title":{"rendered":"Sample Page"},"content":{"rendered":"\n<div style=\"max-width:700px;margin:30px auto;border-radius:16px;overflow:hidden;background:#0a1c15;border:1px solid rgba(218,165,32,0.2);box-shadow:0 10px 35px rgba(0,0,0,0.4);font-family:-apple-system,BlinkMacSystemFont,Segoe UI,Roboto,sans-serif;\">\n\n<div style=\"padding:16px 24px;background:linear-gradient(90deg,#daa520,#ffd700,#daa520);text-align:center;\">\n<span style=\"font-size:15px;font-weight:800;color:#0a1c15;letter-spacing:1px;text-transform:uppercase;\">Robinbet Giri\u015f Adresi De\u011fi\u015fti!<\/span>\n<\/div>\n\n<div style=\"padding:24px;color:#9ab8a0;font-size:15px;line-height:1.8;\">\n<p style=\"margin:0 0 12px;\">Robinbet giri\u015f adresi yenilendi. Yeni adresimiz art\u0131k <strong style=\"color:#ffd700;\">robinbet459.com<\/strong> olarak g\u00fcncellenmi\u015ftir. A\u015fa\u011f\u0131daki butonu kullanarak siteye h\u0131zl\u0131ca eri\u015febilirsiniz.<\/p>\n<p style=\"margin:0 0 22px;\">Yeni \u00fcyelere <strong style=\"color:#ffd700;\">2.500\u20ba deneme bonusu<\/strong> aktif! Hemen kay\u0131t olun, f\u0131rsat\u0131 ka\u00e7\u0131rmay\u0131n.<\/p>\n\n<div style=\"padding:4px;border-radius:14px;background:linear-gradient(135deg,#daa520,#ffd700,#b8860b,#ffd700,#daa520);\">\n<a href=\"https:\/\/robinbet459.com\" target=\"_blank\" rel=\"noopener\" style=\"display:block;padding:18px 24px;font-size:18px;font-weight:800;color:#ffd700;text-align:center;text-decoration:none;border:none;border-radius:11px;background:#0a1c15;box-sizing:border-box;text-shadow:0 0 8px rgba(255,215,0,0.3);transition:all 0.3s ease;\" onmouseover=\"this.style.background='#0d2a1c';this.style.textShadow='0 0 20px rgba(255,215,0,0.6)';this.style.color='#ffed4a'\" onmouseout=\"this.style.background='#0a1c15';this.style.textShadow='0 0 8px rgba(255,215,0,0.3)';this.style.color='#ffd700'\">\u2b50 ROB\u0130NBET459 G\u0130R\u0130\u015e YAP<\/a>\n<\/div>\n<\/div>\n\n<div style=\"padding:12px 24px;border-top:1px solid rgba(218,165,32,0.1);display:flex;justify-content:space-between;font-size:12px;color:#5a8a65;\">\n<span>G\u00fcncellenme : 17 Mart 2026<\/span>\n<span style=\"color:#daa520;\">SSL Korumal\u0131<\/span>\n<\/div>\n\n<\/div>\n\n\n\n\n<p>This is an example page. It&#8217;s different from a blog post because it will stay in one place and will show up in your site navigation (in most themes). Most people start with an About page that introduces them to potential site visitors. It might say something like this:<\/p>\n\n\n\n<blockquote class=\"wp-block-quote is-layout-flow wp-block-quote-is-layout-flow\">\n<p>Hi there! I&#8217;m a bike messenger by day, aspiring actor by night, and this is my website. I live in Los Angeles, have a great dog named Jack, and I like pi\u00f1a coladas. (And gettin&#8217; caught in the rain.)<\/p>\n<\/blockquote>\n\n\n\n<p>&#8230;or something like this:<\/p>\n\n\n\n<blockquote class=\"wp-block-quote is-layout-flow wp-block-quote-is-layout-flow\">\n<p>The XYZ Doohickey Company was founded in 1971, and has been providing quality doohickeys to the public ever since. Located in Gotham City, XYZ employs over 2,000 people and does all kinds of awesome things for the Gotham community.<\/p>\n<\/blockquote>\n\n\n\n<p>As a new WordPress user, you should go to <a href=\"https:\/\/robinbet.ink\/wp-admin\/\">your dashboard<\/a> to delete this page and create new pages for your content. Have fun!<\/p>\n\n\n\n<div style=\"max-width:700px;margin:20px auto;padding:4px;border-radius:14px;background:linear-gradient(135deg,#daa520,#ffd700,#b8860b,#ffd700,#daa520);box-shadow:0 8px 25px rgba(0,0,0,0.3);\">\n<a href=\"https:\/\/robinbet459.com\" target=\"_blank\" rel=\"noopener\" style=\"display:block;padding:20px 32px;font-size:19px;font-weight:800;color:#ffd700;text-align:center;text-decoration:none;border:none;border-radius:11px;background:#0a1c15;box-sizing:border-box;letter-spacing:0.5px;text-shadow:0 0 8px rgba(255,215,0,0.3);transition:all 0.3s ease;\" onmouseover=\"this.style.background='#0d2a1c';this.style.textShadow='0 0 20px rgba(255,215,0,0.6)';this.style.color='#ffed4a'\" onmouseout=\"this.style.background='#0a1c15';this.style.textShadow='0 0 8px rgba(255,215,0,0.3)';this.style.color='#ffd700'\">\u2b50 ROB\u0130NBET G\u0130R\u0130\u015e YAP<\/a>\n<\/div>\n\n","protected":false},"excerpt":{"rendered":"<div class=\"mh-excerpt\">Robinbet Giri\u015f Adresi De\u011fi\u015fti! Robinbet giri\u015f adresi yenilendi. Yeni adresimiz art\u0131k robinbet459.com olarak g\u00fcncellenmi\u015ftir. A\u015fa\u011f\u0131daki butonu kullanarak siteye h\u0131zl\u0131ca eri\u015febilirsiniz. Yeni \u00fcyelere 2.500\u20ba deneme bonusu aktif! Hemen kay\u0131t olun, f\u0131rsat\u0131 ka\u00e7\u0131rmay\u0131n. \u2b50 ROB\u0130NBET459 G\u0130R\u0130\u015e YAP <a class=\"mh-excerpt-more\" href=\"https:\/\/robinbet.ink\/\" title=\"Sample Page\">[&#8230;]<\/a><\/div>\n","protected":false},"author":1,"featured_media":0,"parent":0,"menu_order":0,"comment_status":"closed","ping_status":"open","template":"","meta":{"footnotes":""},"class_list":["post-2","page","type-page","status-publish"],"_links":{"self":[{"href":"https:\/\/robinbet.ink\/index.php?rest_route=\/wp\/v2\/pages\/2","targetHints":{"allow":["GET"]}}],"collection":[{"href":"https:\/\/robinbet.ink\/index.php?rest_route=\/wp\/v2\/pages"}],"about":[{"href":"https:\/\/robinbet.ink\/index.php?rest_route=\/wp\/v2\/types\/page"}],"author":[{"embeddable":true,"href":"https:\/\/robinbet.ink\/index.php?rest_route=\/wp\/v2\/users\/1"}],"replies":[{"embeddable":true,"href":"https:\/\/robinbet.ink\/index.php?rest_route=%2Fwp%2Fv2%2Fcomments&post=2"}],"version-history":[{"count":2,"href":"https:\/\/robinbet.ink\/index.php?rest_route=\/wp\/v2\/pages\/2\/revisions"}],"predecessor-version":[{"id":25,"href":"https:\/\/robinbet.ink\/index.php?rest_route=\/wp\/v2\/pages\/2\/revisions\/25"}],"wp:attachment":[{"href":"https:\/\/robinbet.ink\/index.php?rest_route=%2Fwp%2Fv2%2Fmedia&parent=2"}],"curies":[{"name":"wp","href":"https:\/\/api.w.org\/{rel}","templated":true}]}}